{"id":23,"date":"2013-10-08T01:36:47","date_gmt":"2013-10-08T01:36:47","guid":{"rendered":"https:\/\/terrorvictimresponse.ca\/?page_id=23"},"modified":"2016-12-13T02:49:51","modified_gmt":"2016-12-13T02:49:51","slug":"about-us","status":"publish","type":"page","link":"https:\/\/terrorvictimresponse.ca\/fr\/about-us\/","title":{"rendered":"\u00c0 propos de nous"},"content":{"rendered":"<p>Depuis 1993, le <a href=\"http:\/\/crcvc.ca\/fr\/\" target=\"_blank\">Centre canadien de ressources pour les victimes de crimes<\/a> (CCRVC) s\u2019av\u00e8re un chef de file dans le domaine de la d\u00e9fense des victimes, des survivants et des survivantes d\u2019actes criminels au Canada. Nous sommes un organisme non gouvernemental national situ\u00e9 \u00e0 Ottawa, offrant des services bilingues, gratuits et confidentiels.<\/p>\n<p>En 2013, le financement du site Web Intervention pour les victimes de terrorisme.ca avait initialement \u00e9t\u00e9 octroy\u00e9 par le projet Kanishka du gouvernement du Canada, cette initiative de 10 millions de dollars \u00e9chelonn\u00e9e sur cinq ans visant l\u2019\u00e9tude de questions pressantes pour le Canada en mati\u00e8re de terrorisme et de lutte contre le terrorisme, telles que des solutions pour pr\u00e9venir et contrer l\u2019extr\u00e9misme violent.  En 2016, le <a href=\"http:\/\/www.justice.gc.ca\/fra\/fina-fund\/jp-cj\/fond-fund\/index.html\" target=\"_blank\">Fonds d\u2019aide aux victimes du Minist\u00e8re de la Justice<\/a> a accord\u00e9 du financement pour actualiser le contenu \u00e0 l\u2019\u00e9gard des r\u00e9cents incidents de victimisation de masse canadiens, et \u00e9galement en vue d\u2019int\u00e9grer une capacit\u00e9 de r\u00e9ponse mobile afin de rendre le site plus accessible et pratique pour le personnel des services aux victimes et les autres parties int\u00e9ress\u00e9es \u00e0 partir  de leurs diff\u00e9rents appareils intelligents.  En 2016, nous avons introduit du nouveau contenu canadien concernant les r\u00e9cents incidents (le massacre de l\u2019\u00c9cole Polytechnique en 1989, la fusillade au Coll\u00e8ge Dawson en 2006, le d\u00e9raillement de train \u00e0 Lac-M\u00e9gantic en juillet 2013, la fusillade sur la Colline du Parlement \u00e0 Ottawa, en 2014) ainsi que les pr\u00e9occupations \u00e9mergentes sur le terrain : les personnes disparues; l\u2019emploi de b\u00e9n\u00e9voles lors de la phase de r\u00e9ponse; les consid\u00e9rations particuli\u00e8res des enfants;  les le\u00e7ons apprises des r\u00e9cents incidents internationaux, dont le bombardement du Marathon de Boston en 2013; les enjeux juridictionnels concurrents; la comp\u00e9tence culturelle; la r\u00e9ponse pour les communaut\u00e9s du Nord et \u00e9loign\u00e9es ainsi que les besoins \u00e0 long-terme des victimes et des t\u00e9moins.  Nous avons engag\u00e9 les services ou collabor\u00e9 avec bon nombre d\u2019experts et d\u2019expertes pour contribuer au contenu de ces domaines sp\u00e9cialis\u00e9s.<\/p>\n<p>Les autres incidents analys\u00e9s incluent les attentats \u00e0 la bombe contre le vol 182 d\u2019Air India le 22 juin 1985, contre le vol 103 de la PanAm le 21 d\u00e9cembre 1988 ainsi que de l\u2019\u00e9difice f\u00e9d\u00e9ral Alfred P. Murrah \u00e0 Oklahoma City le 19 avril 1995; les attentats coordonn\u00e9s du 11 septembre 2001 aux \u00c9tats-Unis; les bombardements survenus \u00e0 Londres le 7 juillet 2005;  les actions s\u00e9quentielles de l\u2019explosion \u00e0 la bombe et de la fusillade de masse en Norv\u00e8ge le 22 juillet 2011; l\u2019attentat du marathon de Boston le 5 avril 2013 et l\u2019\u00e9crasement du vol MH17 au-dessus de l\u2019Ukraine en juillet 2014.  Plusieurs  experts et expertes dans la lutte contre le terrorisme ainsi que des survivants et des survivantes ont eu l\u2019occasion d\u2019\u00e9tudier et de revoir le contenu de ce site Web et de formuler leurs points de vue et commentaires.<\/p>","protected":false},"excerpt":{"rendered":"<p>Depuis 1993, le Centre canadien de ressources pour les victimes de crimes (CCRVC) s\u2019av\u00e8re un chef de file dans le domaine de la d\u00e9fense des victimes, des survivants et des survivantes d\u2019actes criminels au Canada. Nous sommes un organisme non gouvernemental national situ\u00e9 \u00e0 Ottawa, offrant des services bilingues, gratuits et confidentiels. En 2013, le [&hellip;]<\/p>\n","protected":false},"author":4,"featured_media":0,"parent":0,"menu_order":0,"comment_status":"closed","ping_status":"closed","template":"","meta":{"footnotes":""},"_links":{"self":[{"href":"https:\/\/terrorvictimresponse.ca\/fr\/wp-json\/wp\/v2\/pages\/23"}],"collection":[{"href":"https:\/\/terrorvictimresponse.ca\/fr\/wp-json\/wp\/v2\/pages"}],"about":[{"href":"https:\/\/terrorvictimresponse.ca\/fr\/wp-json\/wp\/v2\/types\/page"}],"author":[{"embeddable":true,"href":"https:\/\/terrorvictimresponse.ca\/fr\/wp-json\/wp\/v2\/users\/4"}],"replies":[{"embeddable":true,"href":"https:\/\/terrorvictimresponse.ca\/fr\/wp-json\/wp\/v2\/comments?post=23"}],"version-history":[{"count":12,"href":"https:\/\/terrorvictimresponse.ca\/fr\/wp-json\/wp\/v2\/pages\/23\/revisions"}],"predecessor-version":[{"id":680,"href":"https:\/\/terrorvictimresponse.ca\/fr\/wp-json\/wp\/v2\/pages\/23\/revisions\/680"}],"wp:attachment":[{"href":"https:\/\/terrorvictimresponse.ca\/fr\/wp-json\/wp\/v2\/media?parent=23"}],"curies":[{"name":"wp","href":"https:\/\/api.w.org\/{rel}","templated":true}]}}