{"id":21,"date":"2013-10-08T01:36:07","date_gmt":"2013-10-08T01:36:07","guid":{"rendered":"https:\/\/terrorvictimresponse.ca\/?page_id=21"},"modified":"2014-01-29T03:04:45","modified_gmt":"2014-01-29T03:04:45","slug":"contact-us","status":"publish","type":"page","link":"https:\/\/terrorvictimresponse.ca\/fr\/contact-us\/","title":{"rendered":"Nous rejoindre"},"content":{"rendered":"<p><\/p>\n<h2>Centre canadien de ressources pour les victimes de crimes<\/h2>\n<p>100 \u2013 141, rue Catherine<br \/>\nOttawa (Ontario)<br \/>\nK2P 1C3<br \/>\nT\u00e9l\u00e9phone : <a href=\"tel:%28613%29%20233-7614\">(613) 233-7614<\/a><br \/>\nSans frais : <a href=\"tel:1-877-232-2610\">1-877-232-2610<\/a><br \/>\nT\u00e9l\u00e9copieur : <a href=\"tel:%28613%29%20822-4904\">(613) 822-4904<\/a><br \/>\n<a href=\"mailto:crcvc@crcvc.ca\">crcvc@crcvc.ca<\/a><\/p>","protected":false},"excerpt":{"rendered":"<p>Centre canadien de ressources pour les victimes de crimes 100 \u2013 141, rue Catherine Ottawa (Ontario) K2P 1C3 T\u00e9l\u00e9phone : (613) 233-7614 Sans frais : 1-877-232-2610 T\u00e9l\u00e9copieur : (613) 822-4904 crcvc@crcvc.ca<\/p>\n","protected":false},"author":4,"featured_media":0,"parent":0,"menu_order":0,"comment_status":"closed","ping_status":"closed","template":"","meta":{"footnotes":""},"_links":{"self":[{"href":"https:\/\/terrorvictimresponse.ca\/fr\/wp-json\/wp\/v2\/pages\/21"}],"collection":[{"href":"https:\/\/terrorvictimresponse.ca\/fr\/wp-json\/wp\/v2\/pages"}],"about":[{"href":"https:\/\/terrorvictimresponse.ca\/fr\/wp-json\/wp\/v2\/types\/page"}],"author":[{"embeddable":true,"href":"https:\/\/terrorvictimresponse.ca\/fr\/wp-json\/wp\/v2\/users\/4"}],"replies":[{"embeddable":true,"href":"https:\/\/terrorvictimresponse.ca\/fr\/wp-json\/wp\/v2\/comments?post=21"}],"version-history":[{"count":6,"href":"https:\/\/terrorvictimresponse.ca\/fr\/wp-json\/wp\/v2\/pages\/21\/revisions"}],"predecessor-version":[{"id":357,"href":"https:\/\/terrorvictimresponse.ca\/fr\/wp-json\/wp\/v2\/pages\/21\/revisions\/357"}],"wp:attachment":[{"href":"https:\/\/terrorvictimresponse.ca\/fr\/wp-json\/wp\/v2\/media?parent=21"}],"curies":[{"name":"wp","href":"https:\/\/api.w.org\/{rel}","templated":true}]}}