{"id":15,"date":"2013-10-08T01:25:20","date_gmt":"2013-10-08T01:25:20","guid":{"rendered":"https:\/\/terrorvictimresponse.ca\/?page_id=15"},"modified":"2017-09-26T13:13:52","modified_gmt":"2017-09-26T13:13:52","slug":"links-resources","status":"publish","type":"page","link":"https:\/\/terrorvictimresponse.ca\/fr\/links-resources\/","title":{"rendered":"Liens \/ Ressources"},"content":{"rendered":"<p><\/p>\n<h2>Canada<\/h2>\n<h3>ONG<\/h3>\n<ul>\n<li><a href=\"mailto:bal.gupta@ieee.org\">Air India 182 Victims&rsquo; Families Association<\/a> (disponible en anglais seulement)<\/li>\n<li><a href=\"http:\/\/www.c-catcanada.org\/\" target=\"_blank\">Canadian Coalition Against Terror<\/a> (disponible en anglais seulement)<\/li>\n<li><a href=\"http:\/\/www.crcvc.ca\/fr\/\" target=\"_blank\">Centre canadien de ressources pour les victimes de crimes<\/a><\/li>\n<li><a href=\"http:\/\/www.tsas.ca\/\" target=\"_blank\">The Canadian Network for Research on Terrorism, Security, and Society<\/a> (disponible en anglais seulement)<\/li>\n<li><a href=\"http:\/\/www.cpa.ca\/publicfr\/emergencies\/\" target=\"_blank\">Soci\u00e9t\u00e9 canadienne de psychologie<\/a> &#8211; Urgences et maladies infectieuses<\/li>\n<\/ul>\n<h3>Gouvernement<\/h3>\n<h4>F\u00e9d\u00e9ral<\/h4>\n<h5>S\u00e9curit\u00e9 publique Canada, Direction de la lutte contre le terrorisme<\/h5>\n<ul>\n<li><a href=\"http:\/\/www.securitepublique.gc.ca\/cnt\/ntnl-scrt\/cntr-trrrsm\/cntr-trrrsm-strtg-fra.aspx\" target=\"_blank\">Strat\u00e9gie antiterroriste<\/a><\/li>\n<li><a href=\"http:\/\/www.securitepublique.gc.ca\/cnt\/ntnl-scrt\/cntr-trrrsm\/jstc-vctms-trrrsm-fra.aspx\" target=\"_blank\">Justice pour les victimes d\u2019actes de terrorisme<\/a><\/li>\n<li><a href=\"http:\/\/www.securitepublique.gc.ca\/cnt\/cntrng-crm\/crrctns\/ntnl-ffc-vctms-fra.aspx\" target=\"_blank\">Bureau national pour les victimes d\u2019actes criminels<\/a><\/li>\n<\/ul>\n<h5>Minist\u00e8re de la Justice Canada<\/h5>\n<ul>\n<li><a href=\"http:\/\/www.justice.gc.ca\/fra\/jp-cj\/victimes-victims\/\">Centre de la politique concernant les victimes<\/a><\/li>\n<li><a href=\"http:\/\/www.justice.gc.ca\/fra\/pr-rp\/jp-cj\/victim\/rech-res\/hill.pdf\" target=\"_blank\">Guide de traitement des victimes d\u2019actes criminels : Application de la recherche \u00e0 la pratique clinique<\/a> (James K. Hill, PhD.)<\/li>\n<li><a href=\"http:\/\/www.justice.gc.ca\/fra\/jp-cj\/victimes-victims\/rsv-vsd\/rchp1-schp1.asp\" target=\"_blank\">R\u00e9pertoire des services aux victimes<\/a><\/li>\n<\/ul>\n<p><strong><a href=\"http:\/\/www.phn-rsp.ca\/index-fra.php\" target=\"_blank\">R\u00e9seau pancanadien de sant\u00e9 publique<\/a><\/strong><\/p>\n<h5>Agence de la sant\u00e9 publique du Canada, Services d\u2019interventions d\u2019urgence<\/h5>\n<ul>\n<li><a href=\"http:\/\/www.phac-aspc.gc.ca\/publicat\/oes-bsu-02\/index-fra.php\" target=\"_blank\">Faire face aux \u00e9v\u00e9nements stressants<\/a><\/li>\n<li><a href=\"http:\/\/www.phac-aspc.gc.ca\/ep-mu\/index-fra.php\" target=\"_blank\">Mesures et interventions d\u2019urgence<\/a><\/li>\n<li><a href=\"http:\/\/www.phac-aspc.gc.ca\/cepr-cmiu\/ophs-bssp\/ctchin-fra.php\" target=\"_blank\">R\u00e9seaux de coordination du contre-terrorisme et d\u2019information sur la sant\u00e9 (RCCIS)<\/a><\/li>\n<\/ul>\n<h4>Provinces &amp; Territoires<\/h4>\n<h5>Alberta<\/h5>\n<ul>\n<li><a href=\"http:\/\/www.aema.alberta.ca\" target=\"_blank\">Alberta Emergency Management Agency<\/a> (disponible en anglais seulement)<\/li>\n<li><a href=\"http:\/\/www.alberta.ca\/albertacode\/images\/disaster-assistance-guidelines.pdf\" target=\"_blank\">Alberta Disaster Assistance Guidelines<\/a> (disponible en anglais seulement)<\/li>\n<li><a href=\"http:\/\/www.albertahealthservices.ca\/MentalHealthWellness\/hi-mh-recovery-after-a-disaster-or-emergency.pdf\" target=\"_blank\">Recovery after a Disaster or Emergency<\/a> (disponible en anglais seulement)<\/li>\n<\/ul>\n<h5>Colombie-Britannique<\/h5>\n<ul>\n<li><a href=\"http:\/\/embc.gov.bc.ca\/em\/volunteer\/volunteer.html\" target=\"_blank\">Public Safety lifeline volunteers\u00a0<\/a> (disponible en anglais seulement)<\/li>\n<li><a href=\"http:\/\/embc.gov.bc.ca\/em\/training\/training.html\" target=\"_blank\">Emergency Management Training\u00a0<\/a> (disponible en anglais seulement)<\/li>\n<li><a href=\"http:\/\/embc.gov.bc.ca\/em\/Community\/community.html\" target=\"_blank\">Community Emergency Planning Response and Recovery<\/a> (disponible en anglais seulement)<\/li>\n<li><a href=\"http:\/\/embc.gov.bc.ca\/em\/hazard_plans\/hazard_plans.html#cemp\" target=\"_blank\">Comprehensive Emergency Management Plan (CEMP)<\/a> (disponible en anglais seulement)<\/li>\n<li><a href=\"http:\/\/www.health.gov.bc.ca\/emergency\/links.html#dstrs\" target=\"_blank\">Disaster Psychosocial\u00a0Response Services<\/a> (disponible en anglais seulement)<\/li>\n<li><a href=\"http:\/\/www.health.gov.bc.ca\/library\/publications\/year\/2006\/Psychosocial_Response_Workbook.pdf\" target=\"_blank\">Psychosocial Response Workbook: Disaster Stress &amp; Trauma Response Services (DSTRS)<\/a> (disponible en anglais seulement)<\/li>\n<\/ul>\n<h5>\u00cele-du-Prince-\u00c9douard<\/h5>\n<ul>\n<li><a href=\"http:\/\/www.gov.pe.ca\/jps\/index.php3?number=1042745\" target=\"_blank\">Emergency Preparedness\u00a0<\/a> (disponible en anglais seulement)<\/li>\n<li><a href=\"http:\/\/www.gov.pe.ca\/jps\/index.php3?number=1030279\" target=\"_blank\">Emergency Management Training<\/a> (disponible en anglais seulement)<\/li>\n<li><a href=\"http:\/\/www.gov.pe.ca\/photos\/original\/EMO_MUN_EMG.pdf\" target=\"_blank\">Municipal Emergency Management Program Guide<\/a> (disponible en anglais seulement)<\/li>\n<\/ul>\n<h5>Manitoba\u00a0<\/h5>\n<ul>\n<li><a href=\" http:\/\/www.gov.mb.ca\/emo\/community\/prepare\/index.html\" target=\"_blank\">Prepare for Emergency and Disaster<\/a> (disponible en anglais seulement)<\/li>\n<li><a href=\"http:\/\/www.gov.mb.ca\/emo\/community\/response\/index.html\" target=\"_blank\">Respond to Disaster\u00a0<\/a> (disponible en anglais seulement)<\/li>\n<li><a href=\"http:\/\/www.gov.mb.ca\/emo\/managers\/index.html\" target=\"_blank\">Emergency Managers\u00a0<\/a> (disponible en anglais seulement)<\/li>\n<li><a href=\"http:\/\/www.gov.mb.ca\/emo\/home\/partners.pdf\" target=\"_blank\">The Manitoba Partners in Disaster Help Book<\/a> (disponible en anglais seulement)<\/li>\n<li><a href=\"http:\/\/www.gov.mb.ca\/health\/odm\/model.pdf\" target=\"_blank\">Disaster Management Model for the Health Sector<\/a> (disponible en anglais seulement)<\/li>\n<\/ul>\n<h5>Nouveau-Brunswick<\/h5>\n<ul>\n<li><a href=\"http:\/\/www2.gnb.ca\/content\/gnb\/fr\/services\/services_renderer.14996.html\" target=\"_blank\">Programme de protection civile communautaire et de formation <\/a><\/li>\n<li><a href=\"http:\/\/www2.gnb.ca\/content\/dam\/gnb\/Departments\/ps-sp\/pdf\/emo\/municipal-f.pdf\" target=\"_blank\">Plan municipal d\u2019intervention d\u2019urgence<\/a><\/li>\n<\/ul>\n<h5>Nouvelle-\u00c9cosse<\/h5>\n<ul>\n<li><a href=\"http:\/\/novascotia.ca\/just\/EMO\/resources\/docs\/the_ns_emergency_response_plan_may_2012.pdf\" target=\"_blank\">The Nova Scotia Emergency Response Plan<\/a> (disponible en anglais seulement)<\/li>\n<li><a href=\"http:\/\/novascotia.ca\/just\/EMO\/emergency_management_community\/municipal_assessment.asp\" target=\"_blank\">Municipal Self Assessments<\/a> (disponible en anglais seulement)<\/li>\n<li><a href=\"http:\/\/novascotia.ca\/just\/EMO\/emergency_management_community\/local_emerg.asp\" target=\"_blank\">States of Local Emergencies\u00a0<\/a> (disponible en anglais seulement)<\/li>\n<\/ul>\n<h5>Nunavut <\/h5>\n<ul>\n<li><a href=\"http:\/\/cgs.gov.nu.ca\/en\/commEmergency.aspx\" target=\"_blank\">Emergency Management<\/a> (disponible en anglais seulement)<\/li>\n<\/ul>\n<h5>Ontario<\/h5>\n<ul>\n<li><a href=\"http:\/\/www.emergencymanagementontario.ca\/french\/emcommunity\/program_resources\/program_resources_fr.html\" target=\"_blank\">Ressources de programmes<\/a><\/li>\n<li><a href=\"http:\/\/www.emergencymanagementontario.ca\/french\/emcommunity\/response_resources\/response_resources_fr.html\" target=\"_blank\">Ressources affect\u00e9es aux interventions<\/a><\/li>\n<li><a href=\"http:\/\/www.emergencymanagementontario.ca\/french\/emcommunity\/response_resources\/plans\/plans_fr.html\" target=\"_blank\">Plan municipal d\u2019intervention en cas d\u2019urgence<\/a><\/li>\n<li><a href=\"http:\/\/www.emergencymanagementontario.ca\/french\/emcommunity\/ProvincialPrograms\/provincialprograms_fr.html\" target=\"_blank\">Programmes provinciaux<\/a><\/li>\n<li><a href=\"http:\/\/www.emergencymanagementontario.ca\/french\/stayconnected\/stayconnected_fr.html\" target=\"_blank\">Restez \u00e0 l\u2019\u00e9coute<\/a><\/li>\n<li><a href=\"http:\/\/health.gov.on.ca\/fr\/pro\/programs\/emb\/pan_flu\/docs\/emerg_resp_plan.pdf\" target=\"_blank\">Plan d\u2019intervention en cas d\u2019urgence du minist\u00e8re de la Sant\u00e9 et des Soins de longue dur\u00e9e<\/a><\/li>\n<\/ul>\n<h5>Qu\u00e9bec <\/h5>\n<ul>\n<li><a href=\"http:\/\/www.securitepublique.gouv.qc.ca\/accueil.html\" target=\"_blank\">S\u00e9curit\u00e9 publique<\/a><\/li>\n<li><a href=\"http:\/\/msss.gouv.qc.ca\/documentation\/fiches-psycho\/\" target=\"_blank\">Outils psychosociaux en contexte de s\u00e9curit\u00e9 civile<\/a><\/li>\n<\/ul>\n<h5>Saskatchewan<\/h5>\n<ul>\n<li><a href=\"http:\/\/www.gr.gov.sk.ca\/PDAP\" target=\"_blank\">Provincial Disaster Assistance Program (PDAP)<\/a> (disponible en anglais seulement)<\/li>\n<li><a href=\"http:\/\/www.gr.gov.sk.ca\/SaskEMO\" target=\"_blank\">SaskEMO<\/a> (disponible en anglais seulement)<\/li>\n<\/ul>\n<h5>Terre-Neuve et Labrador<\/h5>\n<ul>\n<li><a href=\"http:\/\/www.gov.nl.ca\/fes\/pemp\/pemp_plan.pdf\" target=\"_blank\">Provincial Emergency Management Plan<\/a> (disponible en anglais seulement)<\/li>\n<li><a href=\"http:\/\/www.gov.nl.ca\/fes\/emo\/municipalplanning.html\" target=\"_blank\">Developing an Effective Emergency Management Plan\u00a0<\/a> (disponible en anglais seulement)<\/li>\n<\/ul>\n<h5>Territoires du Nord-Ouest<\/h5>\n<ul>\n<li><a href=\"http:\/\/www.maca.gov.nt.ca\/wp-content\/uploads\/2011\/09\/MACA_Public-Safety_NWT-Emergency-Plan_2001.pdf\" target=\"_blank\">Northwest Territories Emergency Plan<\/a> (disponible en anglais seulement)<\/li>\n<li><a href=\"http:\/\/www.maca.gov.nt.ca\/\/wp-content\/uploads\/2012\/05\/MACA_Public-Safety_Community-Emergency-Management-Plan-Template_2012.docx\" target=\"_blank\">Community Governments Emergency Response Template<\/a> (disponible en anglais seulement)<\/li>\n<li><a href=\"http:\/\/www.maca.gov.nt.ca\/\/wp-content\/uploads\/2012\/05\/MACA_Public-Safety_Community-Emergency-Plan-Instruction-Manual_2008.pdf\" target=\"_blank\">Community Governments Emergency Response Instruction Manual\u00a0<\/a> (disponible en anglais seulement)<\/li>\n<\/ul>\n<h5>Yukon <\/h5>\n<ul>\n<li><a href=\"http:\/\/www.community.gov.yk.ca\/fr\/emo\/index.html\" target=\"_blank\">Organisation des mesures d\u2019urgence<\/a><\/li>\n<\/ul>\n<h2>International<\/h2>\n<h3>ONG<\/h3>\n<ul>\n<li><a href=\"http:\/\/www.againstviolentextremism.org\/\" target=\"_blank\">Against Violent Extremism Network<\/a> (disponible en anglais seulement)<\/li>\n<li><a href=\"http:\/\/www.afvt.org\/actualite-home\/\" target=\"_blank\">Association fran\u00e7aise des Victimes du Terrorisme<\/a><\/li>\n<li><a href=\"http:\/\/www.ifavt.org\/\" target=\"_blank\">F\u00e9d\u00e9ration Internationale des Associations de Victimes du Terrorisme<\/a><\/li>\n<li><a href=\"http:\/\/www.omaghbomb.co.uk\/latest_news.html\" target=\"_blank\">Omagh Support &amp; Self Help Group<\/a> (disponible en anglais seulement)<\/li>\n<li><a href=\"http:\/\/www.globalsn.net\/Default.aspx\" target=\"_blank\">The Global Survivors Network<\/a> (disponible en anglais seulement)<\/li>\n<li><a href=\"http:\/\/www.voicesofseptember11.org\/dev\/index.php\" target=\"_blank\">Voices of September 11th<\/a> (disponible en anglais seulement)<\/li>\n<\/ul>\n<h3>Gouvernement<\/h3>\n<ul>\n<li><a href=\"https:\/\/www.un.org\/fr\/terrorism\/ctitf\/\" target=\"_blank\">Centre des Nations-Unies pour la lutte contre le terrorisme<\/a><\/li>\n<li><a href=\"https:\/\/www.mi5.gov.uk\/page-d-accueil.html\" target=\"_blank\">Royaume-Uni MI5 \u2013 Le service de s\u00e9curit\u00e9 britannique<\/a><\/li>\n<li><a href=\"http:\/\/ovc.ncjrs.gov\/topic.aspx?topicid=1\" target=\"_blank\">U.S. Office for Victims of Crime<\/a> (disponible en anglais seulement)<\/li>\n<li><a href=\"http:\/\/www.dhs.gov\/\" target=\"_blank\">U.S. Department of Homeland Security<\/a> (disponible en anglais seulement)<\/li>\n<li><a href=\"http:\/\/www.fema.gov\/\" target=\"_blank\">U.S. Federal Emergency Management Agency<\/a> (disponible en anglais seulement)<\/li>\n<li><a href=\"http:\/\/www.fbi.gov\/about-us\/nsb\/nctc020309\" target=\"_blank\">Le FBI et le Centre national de lutte contre le terrorisme<\/a><\/li>\n<\/ul>\n<p><\/p>","protected":false},"excerpt":{"rendered":"<p>Canada ONG Air India 182 Victims&rsquo; Families Association (disponible en anglais seulement) Canadian Coalition Against Terror (disponible en anglais seulement) Centre canadien de ressources pour les victimes de crimes The Canadian Network for Research on Terrorism, Security, and Society (disponible en anglais seulement) Soci\u00e9t\u00e9 canadienne de psychologie &#8211; Urgences et maladies infectieuses Gouvernement F\u00e9d\u00e9ral S\u00e9curit\u00e9 [&hellip;]<\/p>\n","protected":false},"author":4,"featured_media":0,"parent":0,"menu_order":0,"comment_status":"closed","ping_status":"closed","template":"","meta":{"footnotes":""},"_links":{"self":[{"href":"https:\/\/terrorvictimresponse.ca\/fr\/wp-json\/wp\/v2\/pages\/15"}],"collection":[{"href":"https:\/\/terrorvictimresponse.ca\/fr\/wp-json\/wp\/v2\/pages"}],"about":[{"href":"https:\/\/terrorvictimresponse.ca\/fr\/wp-json\/wp\/v2\/types\/page"}],"author":[{"embeddable":true,"href":"https:\/\/terrorvictimresponse.ca\/fr\/wp-json\/wp\/v2\/users\/4"}],"replies":[{"embeddable":true,"href":"https:\/\/terrorvictimresponse.ca\/fr\/wp-json\/wp\/v2\/comments?post=15"}],"version-history":[{"count":50,"href":"https:\/\/terrorvictimresponse.ca\/fr\/wp-json\/wp\/v2\/pages\/15\/revisions"}],"predecessor-version":[{"id":734,"href":"https:\/\/terrorvictimresponse.ca\/fr\/wp-json\/wp\/v2\/pages\/15\/revisions\/734"}],"wp:attachment":[{"href":"https:\/\/terrorvictimresponse.ca\/fr\/wp-json\/wp\/v2\/media?parent=15"}],"curies":[{"name":"wp","href":"https:\/\/api.w.org\/{rel}","templated":true}]}}