{"id":119,"date":"2013-11-09T01:33:21","date_gmt":"2013-11-09T01:33:21","guid":{"rendered":"https:\/\/terrorvictimresponse.ca\/?page_id=119"},"modified":"2017-03-09T20:15:09","modified_gmt":"2017-03-09T20:15:09","slug":"terrorism-abroad","status":"publish","type":"page","link":"https:\/\/terrorvictimresponse.ca\/fr\/terrorism-abroad\/","title":{"rendered":"Terrorisme \u00e0 l\u2019\u00e9tranger"},"content":{"rendered":"<p>Il arrive parfois que des Canadiens et des Canadiennes en voyage \u00e0 l\u2019\u00e9tranger soient bless\u00e9s ou d\u00e9c\u00e8dent \u00e0 la suite d\u2019actes ou d\u2019attentats terroristes. Ceci \u00e9tant, il peut alors devenir tr\u00e8s difficile de trouver et d\u2019avoir acc\u00e8s \u00e0 des soins m\u00e9dicaux ad\u00e9quats et autres services d\u2019aide. De fait, ceci d\u00e9pend habituellement des ressources et de la structure des programmes de soutien du pays visit\u00e9. Les citoyens canadiens et les citoyennes canadiennes contraints \u00e0 chercher de l\u2019aide par eux-m\u00eames souhaiteront alors contacter <a href=\"http:\/\/voyage.gc.ca\/assistance\/ambassades\" target=\"_blank\">le bureau consulaire le plus pr\u00e8s<\/a>, sur le champ.<\/p>\n<h2>Services consulaires<\/h2>\n<p>Affaires \u00e9trang\u00e8res, Commerce et D\u00e9veloppement Canada fournit une vaste gamme <a href=\"https:\/\/voyage.gc.ca\/assistance\/info-d-urgence\/consulaire\" target=\"_blank\">services consulaires<\/a> aux Canadiens et aux Canadiennes \u00e0 l\u2019\u00e9tranger, dont le soutien en cas de catastrophes naturelles ou d\u2019urgence m\u00e9dicale.<\/p>\n<p>Ils sont pr\u00eats \u00e0 porter assistance jour et nuit, tous les jours de la semaine, par l\u2019interm\u00e9diaire de leur r\u00e9seau de plus de 260 bureaux r\u00e9partis dans 150 pays. Ce r\u00e9seau se compose d\u2019ambassades, de consulats, de hauts-commissariats et autres bureaux du gouvernement.<\/p>\n<p>En cas d\u2019urgence lorsqu\u2019un acte criminel violent a \u00e9t\u00e9 perp\u00e9tr\u00e9, les services consulaires peuvent :<\/p>\n<ul>\n<li>Vous fournir les renseignements pour contacter les services de police et les services m\u00e9dicaux locaux;<\/li>\n<li>Vous aider \u00e0 trouver des services pour soigner les probl\u00e8mes \u00e9motionnels, sociaux, m\u00e9dicaux et proc\u00e9dures l\u00e9gales \u00e0 la suite d\u2019un acte criminel;<\/li>\n<li>Vous aider \u00e0 contacter familles et ami(e)s;<\/li>\n<li>Vous mettre en contact avec des services de consultation;<\/li>\n<li>Vous aider \u00e0 satisfaire vos besoins s\u00e9curitaires de base;<\/li>\n<li>Vous repr\u00e9senter aupr\u00e8s des autorit\u00e9s locales \u00e0 propos d\u2019une enqu\u00eate criminelle et le d\u00e9p\u00f4t d\u2019accusations;<\/li>\n<li>Vous informer de votre admissibilit\u00e9 pour demander une aide financi\u00e8re d\u2019urgence par l\u2019interm\u00e9diaire du Fonds d\u2019aide aux victimes administr\u00e9 par Justice Canada.<\/li>\n<\/ul>\n<p>\u00c0 leur retour au Canada, les victimes peuvent contacter les services d\u2019aide aux victimes de leur communaut\u00e9 respective pour avoir acc\u00e8s \u00e0 des r\u00e9f\u00e9rences, \u00e0 d\u2019utiles renseignements, et autres. Les Canadiens et les Canadiennes qui ont \u00e9galement des d\u00e9penses reli\u00e9es \u00e0 leur victimisation \u00e0 l\u2019\u00e9tranger devraient contacter le programme suivant afin de d\u00e9terminer leur admissibilit\u00e9.<\/p>\n<h2>Aide financi\u00e8re d&rsquo;urgence pour les Canadiens et les Canadiennes victimes d&rsquo;actes criminels \u00e0 l&rsquo;\u00e9tranger<\/h2>\n<p>Depuis le 1er avril 2007, une\u00a0<a href=\"http:\/\/www.justice.gc.ca\/fra\/fina-fund\/jp-cj\/fond-fund\/etranger-abroad.html\" target=\"_blank\">aide financi\u00e8re d\u2019urgence<\/a> est disponible aux Canadiens et aux Canadiennes qui sont victimes d&rsquo;actes criminels graves et avec violence en territoire \u00e9tranger pour des <strong>situations de contrainte excessive o\u00f9 aucune autre source d\u2019aide financi\u00e8re n\u2019est disponible<\/strong>.<\/p>\n<p>Cette aide financi\u00e8re d\u2019urgence est disponible via le Fonds d\u2019aide aux victimes administr\u00e9 par le Centre de la politique concernant les victimes du minist\u00e8re de la Justice du Canada.<\/p>\n<p>Tout Canadien et toute Canadienne peut pr\u00e9senter une demande de financement aupr\u00e8s du Fonds d\u2019aide aux victimes en vue d\u2019obtenir une aide financi\u00e8re d\u2019urgence :<\/p>\n<ul>\n<li>S\u2019il ou si elle est victime d\u2019un crime violent dans un pays \u00e9tranger;<\/li>\n<li>S\u2019il ou si elle est membre de la famille d\u2019une victime qui est d\u00e9c\u00e9d\u00e9e, malade ou frapp\u00e9e d\u2019incapacit\u00e9 en raison des crimes qu\u2019elle a subis dans un pays \u00e9tranger;<\/li>\n<li>Dans les cas o\u00f9 la victime est un enfant, s\u2019il ou si elle est un parent ou s\u2019il ou si elle est la personne aux soins de laquelle l\u2019enfant est confi\u00e9 ou qui en a la charge.<\/li>\n<\/ul>\n<p>Le Fonds d\u2019aide aux victimes peut contribuer \u00e0 couvrir les d\u00e9penses suivantes lorsque la victime n\u2019a aucune autre source d\u2019aide financi\u00e8re :<\/p>\n<ul>\n<li>Les frais de d\u00e9placement de la victime pour retourner dans le pays o\u00f9 le crime a \u00e9t\u00e9 commis afin d\u2019assister \u00e0 l\u2019audience pr\u00e9liminaire et au proc\u00e8s, ou \u00e0 un processus \u00e9quivalent;<\/li>\n<li>Les frais de d\u00e9placement de la victime pour retourner dans le pays o\u00f9 le crime a \u00e9t\u00e9 commis afin de t\u00e9moigner dans le cadre de l\u2019audience pr\u00e9liminaire et du proc\u00e8s si le pays h\u00f4te n\u2019est pas pr\u00eat \u00e0 payer ou n\u2019est pas en mesure de le faire;<\/li>\n<li>Les frais de d\u00e9placement d\u2019une personne de confiance accompagnant le citoyen canadien ou la citoyenne canadienne victime d\u2019un acte criminel \u00e0 l\u2019\u00e9tranger, dans les jours qui suivent l\u2019acte criminel;<\/li>\n<li>Les d\u00e9penses d\u2019un citoyen canadien ou d\u2019une citoyenne canadienne victime d\u2019un acte criminel pour revenir au Canada.<\/li>\n<\/ul>\n<p>Le Fonds d\u2019aide aux victimes peut contribuer \u00e0 couvrir les types de d\u00e9penses suivants lorsque la victime n\u2019a aucune autre source d\u2019aide financi\u00e8re, <strong>jusqu\u2019\u00e0 concurrence de 10 000 $<\/strong> (par membre de famille) :<\/p>\n<ul>\n<li>D\u00e9penses pour les soins m\u00e9dicaux et l\u2019hospitalisation n\u00e9cessaires par suite de l\u2019acte criminel dont a \u00e9t\u00e9 victime le citoyen canadien ou la citoyenne canadienne;<\/li>\n<li>D\u00e9penses pour le remplacement des documents officiels vol\u00e9s;<\/li>\n<li>Au retour au Canada, aide financi\u00e8re pour la consultation professionnelle;<\/li>\n<li>D\u00e9penses li\u00e9es aux fun\u00e9railles si le crime a caus\u00e9 le d\u00e9c\u00e8s de la victime;<\/li>\n<li>D\u00e9penses engag\u00e9es par suite de la victimisation par un acte criminel violent.<\/li>\n<\/ul>\n<p><\/p>","protected":false},"excerpt":{"rendered":"<p>Il arrive parfois que des Canadiens et des Canadiennes en voyage \u00e0 l\u2019\u00e9tranger soient bless\u00e9s ou d\u00e9c\u00e8dent \u00e0 la suite d\u2019actes ou d\u2019attentats terroristes. Ceci \u00e9tant, il peut alors devenir tr\u00e8s difficile de trouver et d\u2019avoir acc\u00e8s \u00e0 des soins m\u00e9dicaux ad\u00e9quats et autres services d\u2019aide. De fait, ceci d\u00e9pend habituellement des ressources et de [&hellip;]<\/p>\n","protected":false},"author":4,"featured_media":0,"parent":0,"menu_order":0,"comment_status":"closed","ping_status":"closed","template":"","meta":{"footnotes":""},"_links":{"self":[{"href":"https:\/\/terrorvictimresponse.ca\/fr\/wp-json\/wp\/v2\/pages\/119"}],"collection":[{"href":"https:\/\/terrorvictimresponse.ca\/fr\/wp-json\/wp\/v2\/pages"}],"about":[{"href":"https:\/\/terrorvictimresponse.ca\/fr\/wp-json\/wp\/v2\/types\/page"}],"author":[{"embeddable":true,"href":"https:\/\/terrorvictimresponse.ca\/fr\/wp-json\/wp\/v2\/users\/4"}],"replies":[{"embeddable":true,"href":"https:\/\/terrorvictimresponse.ca\/fr\/wp-json\/wp\/v2\/comments?post=119"}],"version-history":[{"count":16,"href":"https:\/\/terrorvictimresponse.ca\/fr\/wp-json\/wp\/v2\/pages\/119\/revisions"}],"predecessor-version":[{"id":691,"href":"https:\/\/terrorvictimresponse.ca\/fr\/wp-json\/wp\/v2\/pages\/119\/revisions\/691"}],"wp:attachment":[{"href":"https:\/\/terrorvictimresponse.ca\/fr\/wp-json\/wp\/v2\/media?parent=119"}],"curies":[{"name":"wp","href":"https:\/\/api.w.org\/{rel}","templated":true}]}}